{"id":2922,"date":"2024-01-12T14:28:11","date_gmt":"2024-01-12T14:28:11","guid":{"rendered":"https:\/\/www.hillers.de\/kapcsolatfelvetel\/"},"modified":"2025-08-19T06:48:09","modified_gmt":"2025-08-19T06:48:09","slug":"kapcsolatfelvetel","status":"publish","type":"page","link":"https:\/\/www.hillers.de\/hu\/kapcsolatfelvetel\/","title":{"rendered":"Kapcsolatfelv\u00e9tel"},"content":{"rendered":"<p><div class=\"fusion-fullwidth fullwidth-box fusion-builder-row-1 fusion-flex-container has-pattern-background has-mask-background header hundred-percent-fullwidth non-hundred-percent-height-scrolling\" style=\"--awb-border-radius-top-left:0px;--awb-border-radius-top-right:0px;--awb-border-radius-bottom-right:0px;--awb-border-radius-bottom-left:0px;--awb-padding-top:0px;--awb-padding-right:0px;--awb-padding-bottom:0px;--awb-padding-left:0px;--awb-padding-right-medium:0px;--awb-padding-left-medium:0px;--awb-padding-right-small:0px;--awb-padding-left-small:0px;--awb-flex-wrap:wrap;\" ><div class=\"fusion-builder-row fusion-row fusion-flex-align-items-flex-start fusion-flex-content-wrap\" style=\"width:104% !important;max-width:104% !important;margin-left: calc(-4% \/ 2 );margin-right: calc(-4% \/ 2 );\"><div class=\"fusion-layout-column fusion_builder_column fusion-builder-column-0 fusion_builder_column_1_1 1_1 fusion-flex-column\" style=\"--awb-padding-right-medium:0px;--awb-padding-left-medium:0px;--awb-bg-image:url(&#039;https:\/\/www.hillers.de\/wp-content\/uploads\/2024\/01\/theohillers-standorte-header.webp&#039;);--awb-bg-position:center center;--awb-bg-size:cover;--awb-width-large:100%;--awb-margin-top-large:0px;--awb-spacing-right-large:0%;--awb-margin-bottom-large:0px;--awb-spacing-left-large:0%;--awb-width-medium:100%;--awb-order-medium:0;--awb-spacing-right-medium:0px;--awb-spacing-left-medium:0px;--awb-width-small:100%;--awb-order-small:0;--awb-spacing-right-small:0px;--awb-spacing-left-small:0px;\"><div class=\"fusion-column-wrapper fusion-column-has-shadow fusion-flex-justify-content-flex-start fusion-content-layout-column fusion-empty-column-bg-image fusion-column-has-bg-image\" data-bg-url=\"https:\/\/www.hillers.de\/wp-content\/uploads\/2024\/01\/theohillers-standorte-header.webp\"><img decoding=\"async\" class=\"fusion-empty-dims-img-placeholder\" src=\"data:image\/svg+xml,%3Csvg%20xmlns%3D%27http%3A%2F%2Fwww.w3.org%2F2000%2Fsvg%27%20width%3D%271920%27%20height%3D%27615%27%20viewBox%3D%270%200%201920%20615%27%3E%3Crect%20width%3D%271920%27%20height%3D%27615%27%20fill-opacity%3D%220%22%2F%3E%3C%2Fsvg%3E\"><\/div><\/div><\/div><\/div><div class=\"fusion-fullwidth fullwidth-box fusion-builder-row-2 fusion-flex-container has-pattern-background has-mask-background nonhundred-percent-fullwidth non-hundred-percent-height-scrolling\" style=\"--awb-border-radius-top-left:0px;--awb-border-radius-top-right:0px;--awb-border-radius-bottom-right:0px;--awb-border-radius-bottom-left:0px;--awb-margin-top:59px;--awb-margin-bottom:50px;--awb-margin-bottom-small:34.9961px;--awb-flex-wrap:wrap;\" ><div class=\"fusion-builder-row fusion-row fusion-flex-align-items-flex-start fusion-flex-content-wrap\" style=\"max-width:1248px;margin-left: calc(-4% \/ 2 );margin-right: calc(-4% \/ 2 );\"><div class=\"fusion-layout-column fusion_builder_column fusion-builder-column-1 fusion_builder_column_1_1 1_1 fusion-flex-column\" style=\"--awb-bg-size:cover;--awb-width-large:100%;--awb-margin-top-large:0px;--awb-spacing-right-large:1.92%;--awb-margin-bottom-large:0px;--awb-spacing-left-large:1.92%;--awb-width-medium:100%;--awb-order-medium:0;--awb-spacing-right-medium:1.92%;--awb-spacing-left-medium:1.92%;--awb-width-small:100%;--awb-order-small:0;--awb-spacing-right-small:1.92%;--awb-spacing-left-small:1.92%;\"><div class=\"fusion-column-wrapper fusion-column-has-shadow fusion-flex-justify-content-flex-start fusion-content-layout-column\"><div class=\"fusion-text fusion-text-1\"><h1 class=\"fusion-responsive-typography-calculated\" style=\"--fontsize: 55; line-height: 1.2;\" data-fontsize=\"55\" data-lineheight=\"66px\">L\u00e9pjen kapcsolatba vel\u00fcnk<\/h1>\n<\/div><div class=\"fusion-text fusion-text-2\" style=\"--awb-margin-top:1em;\"><h3>K\u00e9rd\u00e9se van a sz\u00e9les term\u00e9kv\u00e1laszt\u00e9kunkkal kapcsolatban? Forduljon hozz\u00e1nk bizalommal, mi seg\u00edt\u00fcnk \u00d6nnek. <\/h3>\n<h3>Egyszer\u0171en t\u00f6ltse ki az \u0171rlapot, \u00e9s mi a lehet\u0151 leghamarabb v\u00e1laszolunk \u00d6nnek.<\/h3>\n<\/div><\/div><\/div><\/div><\/div><div class=\"fusion-fullwidth fullwidth-box fusion-builder-row-3 fusion-flex-container has-pattern-background has-mask-background nonhundred-percent-fullwidth non-hundred-percent-height-scrolling\" style=\"--awb-border-radius-top-left:0px;--awb-border-radius-top-right:0px;--awb-border-radius-bottom-right:0px;--awb-border-radius-bottom-left:0px;--awb-padding-top:50px;--awb-padding-bottom:31px;--awb-background-color:rgba(23,51,73,0.54);--awb-flex-wrap:wrap;\" ><div class=\"fusion-builder-row fusion-row fusion-flex-align-items-flex-start fusion-flex-content-wrap\" style=\"max-width:1248px;margin-left: calc(-4% \/ 2 );margin-right: calc(-4% \/ 2 );\"><div class=\"fusion-layout-column fusion_builder_column fusion-builder-column-2 fusion_builder_column_3_5 3_5 fusion-flex-column\" style=\"--awb-bg-size:cover;--awb-width-large:60%;--awb-margin-top-large:0px;--awb-spacing-right-large:3.2%;--awb-margin-bottom-large:20px;--awb-spacing-left-large:3.2%;--awb-width-medium:66.666666666667%;--awb-order-medium:0;--awb-spacing-right-medium:2.88%;--awb-spacing-left-medium:2.88%;--awb-width-small:100%;--awb-order-small:1;--awb-spacing-right-small:1.92%;--awb-spacing-left-small:1.92%;\"><div class=\"fusion-column-wrapper fusion-column-has-shadow fusion-flex-justify-content-flex-start fusion-content-layout-column\">\n<div class=\"wpcf7 no-js\" id=\"wpcf7-f3086-o1\" lang=\"hu-HU\" dir=\"ltr\" data-wpcf7-id=\"3086\">\n<div class=\"screen-reader-response\"><p role=\"status\" aria-live=\"polite\" aria-atomic=\"true\"><\/p> <ul><\/ul><\/div>\n<form action=\"\/hu\/wp-json\/wp\/v2\/pages\/2922#wpcf7-f3086-o1\" method=\"post\" class=\"wpcf7-form init\" aria-label=\"Kapcsolatfelv\u00e9teli \u0171rlap\" novalidate=\"novalidate\" data-status=\"init\">\n<div style=\"display: none;\">\n<input type=\"hidden\" name=\"_wpcf7\" value=\"3086\" \/>\n<input type=\"hidden\" name=\"_wpcf7_version\" value=\"6.0.1\" \/>\n<input type=\"hidden\" name=\"_wpcf7_locale\" value=\"hu_HU\" \/>\n<input type=\"hidden\" name=\"_wpcf7_unit_tag\" value=\"wpcf7-f3086-o1\" \/>\n<input type=\"hidden\" name=\"_wpcf7_container_post\" value=\"0\" \/>\n<input type=\"hidden\" name=\"_wpcf7_posted_data_hash\" value=\"\" \/>\n<\/div>\n<div class=\"contact-form\">\n\t<div class=\"wrapper col-50\">\n\t\t<div>\n\t\t\t<p><label>\u00dcdv\u00f6zl\u00e9s<\/label><span class=\"wpcf7-form-control-wrap\" data-name=\"anrede\"><select class=\"wpcf7-form-control wpcf7-select\" aria-invalid=\"false\" name=\"anrede\"><option value=\"K\u00e9rj\u00fck, v\u00e1lassza ki\">K\u00e9rj\u00fck, v\u00e1lassza ki<\/option><option value=\"Mr\">Mr<\/option><option value=\"Ms\">Ms<\/option><option value=\"Divers\">Divers<\/option><\/select><\/span>\n\t\t\t<\/p>\n\t\t<\/div>\n\t<\/div>\n\t<div class=\"wrapper\">\n\t\t<div>\n\t\t\t<p><label>Keresztn\u00e9v<\/label><span class=\"wpcf7-form-control-wrap\" data-name=\"vorname\"><input size=\"40\" maxlength=\"400\" class=\"wpcf7-form-control wpcf7-text\" aria-invalid=\"false\" value=\"\" type=\"text\" name=\"vorname\" \/><\/span>\n\t\t\t<\/p>\n\t\t<\/div>\n\t\t<div>\n\t\t\t<p><label>Vezet\u00e9kn\u00e9v<\/label><span class=\"wpcf7-form-control-wrap\" data-name=\"nachname\"><input size=\"40\" maxlength=\"400\" class=\"wpcf7-form-control wpcf7-text\" aria-invalid=\"false\" value=\"\" type=\"text\" name=\"nachname\" \/><\/span>\n\t\t\t<\/p>\n\t\t<\/div>\n\t<\/div>\n\t<div class=\"wrapper\">\n\t\t<div>\n\t\t\t<p><label>E-mail*<\/label><span class=\"wpcf7-form-control-wrap\" data-name=\"email-adresse\"><input size=\"40\" maxlength=\"400\" class=\"wpcf7-form-control wpcf7-email wpcf7-validates-as-required wpcf7-text wpcf7-validates-as-email\" aria-required=\"true\" aria-invalid=\"false\" value=\"\" type=\"email\" name=\"email-adresse\" \/><\/span>\n\t\t\t<\/p>\n\t\t<\/div>\n\t\t<div>\n\t\t\t<p><label>T\u00e1rgy:<\/label><span class=\"wpcf7-form-control-wrap\" data-name=\"betreff\"><input size=\"40\" maxlength=\"400\" class=\"wpcf7-form-control wpcf7-text\" aria-invalid=\"false\" value=\"\" type=\"text\" name=\"betreff\" \/><\/span>\n\t\t\t<\/p>\n\t\t<\/div>\n\t<\/div>\n\t<div class=\"wrapper\">\n\t\t<div>\n\t\t\t<p><label>\u00dczenet*<\/label><span class=\"wpcf7-form-control-wrap\" data-name=\"nachricht\"><textarea cols=\"40\" rows=\"10\" maxlength=\"2000\" class=\"wpcf7-form-control wpcf7-textarea wpcf7-validates-as-required\" aria-required=\"true\" aria-invalid=\"false\" name=\"nachricht\"><\/textarea><\/span>\n\t\t\t<\/p>\n\t\t<\/div>\n\t<\/div>\n\t<p><span id=\"wpcf7-69f296d203706-wrapper\" class=\"wpcf7-form-control-wrap weboldal-wrap\" style=\"display:none !important; visibility:hidden !important;\"><label for=\"wpcf7-69f296d203706-field\" class=\"hp-message\">Please leave this field empty.<\/label><input id=\"wpcf7-69f296d203706-field\"  class=\"wpcf7-form-control wpcf7-text\" type=\"text\" name=\"weboldal\" value=\"\" size=\"40\" tabindex=\"-1\" autocomplete=\"new-password\" \/><\/span>\n\t<\/p>\n\t<div class=\"wrapper\">\n\t\t<div>\n\t\t\t<p><span class=\"wpcf7-form-control-wrap\" data-name=\"quiz-977\"><label><span class=\"wpcf7-quiz-label\">Mit eredm\u00e9nyez a kett\u0151 + hat? (\u00edrja be a sz\u00e1m(okat))<\/span> <input size=\"40\" class=\"wpcf7-form-control wpcf7-quiz\" autocomplete=\"off\" aria-required=\"true\" aria-invalid=\"false\" type=\"text\" name=\"quiz-977\" \/><\/label><input type=\"hidden\" name=\"_wpcf7_quiz_answer_quiz-977\" value=\"9956089b2999e9d80a66034c992e135d\" \/><\/span>\n\t\t\t<\/p>\n\t\t<\/div>\n\t<\/div>\n\t<div class=\"wrapper consent\">\n\t\t<div>\n\t\t\t<p><span class=\"wpcf7-form-control-wrap\" data-name=\"zustimmung\"><span class=\"wpcf7-form-control wpcf7-acceptance\"><span class=\"wpcf7-list-item\"><input type=\"checkbox\" name=\"zustimmung\" value=\"1\" aria-invalid=\"false\" \/><\/span><\/span><\/span>\n\t\t\t<\/p>\n\t\t<\/div>\n\t\t<div>\n\t\t\t<p>Az \u0171rlap elk\u00fcld\u00e9s\u00e9vel \u00d6n hozz\u00e1j\u00e1rul ahhoz, hogy adatait a tranzakci\u00f3 lebonyol\u00edt\u00e1s\u00e1hoz felhaszn\u00e1ljuk. Tov\u00e1bbi inform\u00e1ci\u00f3k \u00e9s t\u00f6rl\u00e9si \u00e9rtes\u00edt\u00e9sek az <a href=\"\/datenschutz\">adatv\u00e9delmi szab\u00e1lyzatban<\/a> tal\u00e1lhat\u00f3k.\n\t\t\t<\/p>\n\t\t<\/div>\n\t<\/div>\n\t<div class=\"wrapper pflicht\">\n\t\t<div>\n\t\t\t<p>* A csillaggal (*) jel\u00f6lt mez\u0151k k\u00f6telez\u0151en kit\u00f6ltend\u0151 mez\u0151k.\n\t\t\t<\/p>\n\t\t<\/div>\n\t<\/div>\n\t<div class=\"wrapper\">\n\t\t<p><input class=\"wpcf7-form-control wpcf7-submit has-spinner\" type=\"submit\" value=\"Kontaktanfrage senden\" \/>\n\t\t<\/p>\n\t<\/div>\n<\/div><div class=\"fusion-alert alert custom alert-custom fusion-alert-center wpcf7-response-output awb-alert-native-link-color alert-dismissable awb-alert-close-boxed\" style=\"--awb-border-size:1px;--awb-border-top-left-radius:0px;--awb-border-top-right-radius:0px;--awb-border-bottom-left-radius:0px;--awb-border-bottom-right-radius:0px;\" role=\"alert\"><div class=\"fusion-alert-content-wrapper\"><span class=\"fusion-alert-content\"><\/span><\/div><button type=\"button\" class=\"close toggle-alert\" data-dismiss=\"alert\" aria-label=\"Close\">&times;<\/button><\/div>\n<\/form>\n<\/div>\n<\/div><\/div><div class=\"fusion-layout-column fusion_builder_column fusion-builder-column-3 fusion_builder_column_2_5 2_5 fusion-flex-column\" style=\"--awb-bg-size:cover;--awb-width-large:40%;--awb-margin-top-large:0px;--awb-spacing-right-large:4.8%;--awb-margin-bottom-large:20px;--awb-spacing-left-large:4.8%;--awb-width-medium:33.333333333333%;--awb-order-medium:0;--awb-spacing-right-medium:5.76%;--awb-spacing-left-medium:5.76%;--awb-width-small:100%;--awb-order-small:0;--awb-spacing-right-small:1.92%;--awb-spacing-left-small:1.92%;\"><div class=\"fusion-column-wrapper fusion-column-has-shadow fusion-flex-justify-content-flex-start fusion-content-layout-column\"><div class=\"fusion-text fusion-text-3\" style=\"--awb-text-color:var(--awb-color1);\"><h3 style=\"color: var(--awb-color1); --fontSize: 21; line-height: 1.5; --minFontSize: 21;\" data-fontsize=\"21\" data-lineheight=\"31.5px\" class=\"fusion-responsive-typography-calculated\">Theo Hillers GmbH<\/h3>\n<p>Siemensring 19<br \/>D-53925 Kall &#8211; N\u00e9metorsz\u00e1g<\/p>\n<p>Telefon: +49 (0)<a href=\"tel:024419904%200\"> <span style=\"color: var(--awb-color1);\">24 41 99 04-0<\/span><\/a><\/p>\n<\/div><\/div><\/div><\/div><\/div><\/p>\n","protected":false},"excerpt":{"rendered":"","protected":false},"author":4,"featured_media":0,"parent":0,"menu_order":0,"comment_status":"closed","ping_status":"closed","template":"100-width.php","meta":{"inline_featured_image":false,"footnotes":""},"class_list":["post-2922","page","type-page","status-publish","hentry"],"yoast_head":"<!-- This site is optimized with the Yoast SEO plugin v24.0 - https:\/\/yoast.com\/wordpress\/plugins\/seo\/ -->\n<title>Kapcsolatfelv\u00e9tel - Theo Hillers GmbH<\/title>\n<meta name=\"robots\" content=\"index, follow, max-snippet:-1, max-image-preview:large, max-video-preview:-1\" \/>\n<link rel=\"canonical\" href=\"https:\/\/www.hillers.de\/hu\/kapcsolatfelvetel\/\" \/>\n<meta property=\"og:locale\" content=\"hu_HU\" \/>\n<meta property=\"og:type\" content=\"article\" \/>\n<meta property=\"og:title\" content=\"Kapcsolatfelv\u00e9tel - Theo Hillers GmbH\" \/>\n<meta property=\"og:url\" content=\"https:\/\/www.hillers.de\/hu\/kapcsolatfelvetel\/\" \/>\n<meta property=\"og:site_name\" content=\"Theo Hillers GmbH\" \/>\n<meta property=\"article:modified_time\" content=\"2025-08-19T06:48:09+00:00\" \/>\n<meta name=\"twitter:card\" content=\"summary_large_image\" \/>\n<meta name=\"twitter:label1\" content=\"Becs\u00fclt olvas\u00e1si id\u0151\" \/>\n\t<meta name=\"twitter:data1\" content=\"9 perc\" \/>\n<script type=\"application\/ld+json\" class=\"yoast-schema-graph\">{\"@context\":\"https:\/\/schema.org\",\"@graph\":[{\"@type\":\"WebPage\",\"@id\":\"https:\/\/www.hillers.de\/hu\/kapcsolatfelvetel\/\",\"url\":\"https:\/\/www.hillers.de\/hu\/kapcsolatfelvetel\/\",\"name\":\"Kapcsolatfelv\u00e9tel - Theo Hillers GmbH\",\"isPartOf\":{\"@id\":\"https:\/\/www.hillers.de\/hu\/#website\"},\"datePublished\":\"2024-01-12T14:28:11+00:00\",\"dateModified\":\"2025-08-19T06:48:09+00:00\",\"breadcrumb\":{\"@id\":\"https:\/\/www.hillers.de\/hu\/kapcsolatfelvetel\/#breadcrumb\"},\"inLanguage\":\"hu\",\"potentialAction\":[{\"@type\":\"ReadAction\",\"target\":[\"https:\/\/www.hillers.de\/hu\/kapcsolatfelvetel\/\"]}]},{\"@type\":\"BreadcrumbList\",\"@id\":\"https:\/\/www.hillers.de\/hu\/kapcsolatfelvetel\/#breadcrumb\",\"itemListElement\":[{\"@type\":\"ListItem\",\"position\":1,\"name\":\"Startseite\",\"item\":\"https:\/\/www.hillers.de\/hu\/\"},{\"@type\":\"ListItem\",\"position\":2,\"name\":\"Kapcsolatfelv\u00e9tel\"}]},{\"@type\":\"WebSite\",\"@id\":\"https:\/\/www.hillers.de\/hu\/#website\",\"url\":\"https:\/\/www.hillers.de\/hu\/\",\"name\":\"Theo Hillers GmbH\",\"description\":\"\",\"potentialAction\":[{\"@type\":\"SearchAction\",\"target\":{\"@type\":\"EntryPoint\",\"urlTemplate\":\"https:\/\/www.hillers.de\/hu\/?s={search_term_string}\"},\"query-input\":{\"@type\":\"PropertyValueSpecification\",\"valueRequired\":true,\"valueName\":\"search_term_string\"}}],\"inLanguage\":\"hu\"}]}<\/script>\n<!-- \/ Yoast SEO plugin. -->","yoast_head_json":{"title":"Kapcsolatfelv\u00e9tel - Theo Hillers GmbH","robots":{"index":"index","follow":"follow","max-snippet":"max-snippet:-1","max-image-preview":"max-image-preview:large","max-video-preview":"max-video-preview:-1"},"canonical":"https:\/\/www.hillers.de\/hu\/kapcsolatfelvetel\/","og_locale":"hu_HU","og_type":"article","og_title":"Kapcsolatfelv\u00e9tel - Theo Hillers GmbH","og_url":"https:\/\/www.hillers.de\/hu\/kapcsolatfelvetel\/","og_site_name":"Theo Hillers GmbH","article_modified_time":"2025-08-19T06:48:09+00:00","twitter_card":"summary_large_image","twitter_misc":{"Becs\u00fclt olvas\u00e1si id\u0151":"9 perc"},"schema":{"@context":"https:\/\/schema.org","@graph":[{"@type":"WebPage","@id":"https:\/\/www.hillers.de\/hu\/kapcsolatfelvetel\/","url":"https:\/\/www.hillers.de\/hu\/kapcsolatfelvetel\/","name":"Kapcsolatfelv\u00e9tel - Theo Hillers GmbH","isPartOf":{"@id":"https:\/\/www.hillers.de\/hu\/#website"},"datePublished":"2024-01-12T14:28:11+00:00","dateModified":"2025-08-19T06:48:09+00:00","breadcrumb":{"@id":"https:\/\/www.hillers.de\/hu\/kapcsolatfelvetel\/#breadcrumb"},"inLanguage":"hu","potentialAction":[{"@type":"ReadAction","target":["https:\/\/www.hillers.de\/hu\/kapcsolatfelvetel\/"]}]},{"@type":"BreadcrumbList","@id":"https:\/\/www.hillers.de\/hu\/kapcsolatfelvetel\/#breadcrumb","itemListElement":[{"@type":"ListItem","position":1,"name":"Startseite","item":"https:\/\/www.hillers.de\/hu\/"},{"@type":"ListItem","position":2,"name":"Kapcsolatfelv\u00e9tel"}]},{"@type":"WebSite","@id":"https:\/\/www.hillers.de\/hu\/#website","url":"https:\/\/www.hillers.de\/hu\/","name":"Theo Hillers GmbH","description":"","potentialAction":[{"@type":"SearchAction","target":{"@type":"EntryPoint","urlTemplate":"https:\/\/www.hillers.de\/hu\/?s={search_term_string}"},"query-input":{"@type":"PropertyValueSpecification","valueRequired":true,"valueName":"search_term_string"}}],"inLanguage":"hu"}]}},"_links":{"self":[{"href":"https:\/\/www.hillers.de\/hu\/wp-json\/wp\/v2\/pages\/2922","targetHints":{"allow":["GET"]}}],"collection":[{"href":"https:\/\/www.hillers.de\/hu\/wp-json\/wp\/v2\/pages"}],"about":[{"href":"https:\/\/www.hillers.de\/hu\/wp-json\/wp\/v2\/types\/page"}],"author":[{"embeddable":true,"href":"https:\/\/www.hillers.de\/hu\/wp-json\/wp\/v2\/users\/4"}],"replies":[{"embeddable":true,"href":"https:\/\/www.hillers.de\/hu\/wp-json\/wp\/v2\/comments?post=2922"}],"version-history":[{"count":2,"href":"https:\/\/www.hillers.de\/hu\/wp-json\/wp\/v2\/pages\/2922\/revisions"}],"predecessor-version":[{"id":2930,"href":"https:\/\/www.hillers.de\/hu\/wp-json\/wp\/v2\/pages\/2922\/revisions\/2930"}],"wp:attachment":[{"href":"https:\/\/www.hillers.de\/hu\/wp-json\/wp\/v2\/media?parent=2922"}],"curies":[{"name":"wp","href":"https:\/\/api.w.org\/{rel}","templated":true}]}}