{"id":3028,"date":"2025-07-14T13:32:36","date_gmt":"2025-07-14T13:32:36","guid":{"rendered":"https:\/\/www.hillers.de\/nyilatkozat-az-akadalymentesitesrol\/"},"modified":"2025-08-19T06:59:46","modified_gmt":"2025-08-19T06:59:46","slug":"nyilatkozat-az-akadalymentesitesrol","status":"publish","type":"page","link":"https:\/\/www.hillers.de\/hu\/nyilatkozat-az-akadalymentesitesrol\/","title":{"rendered":"Nyilatkozat az akad\u00e1lymentes\u00edt\u00e9sr\u0151l"},"content":{"rendered":"<div class=\"fusion-fullwidth fullwidth-box fusion-builder-row-1 fusion-flex-container has-pattern-background has-mask-background nonhundred-percent-fullwidth non-hundred-percent-height-scrolling\" style=\"--awb-border-radius-top-left:0px;--awb-border-radius-top-right:0px;--awb-border-radius-bottom-right:0px;--awb-border-radius-bottom-left:0px;--awb-margin-top:50px;--awb-flex-wrap:wrap;\" ><div class=\"fusion-builder-row fusion-row fusion-flex-align-items-flex-start fusion-flex-content-wrap\" style=\"max-width:1248px;margin-left: calc(-4% \/ 2 );margin-right: calc(-4% \/ 2 );\"><div class=\"fusion-layout-column fusion_builder_column fusion-builder-column-0 fusion_builder_column_1_1 1_1 fusion-flex-column\" style=\"--awb-bg-size:cover;--awb-width-large:100%;--awb-margin-top-large:0px;--awb-spacing-right-large:1.92%;--awb-margin-bottom-large:20px;--awb-spacing-left-large:1.92%;--awb-width-medium:100%;--awb-order-medium:0;--awb-spacing-right-medium:1.92%;--awb-spacing-left-medium:1.92%;--awb-width-small:100%;--awb-order-small:0;--awb-spacing-right-small:1.92%;--awb-spacing-left-small:1.92%;\"><div class=\"fusion-column-wrapper fusion-column-has-shadow fusion-flex-justify-content-flex-start fusion-content-layout-column\"><div class=\"fusion-text fusion-text-1\"><h1><strong>Nyilatkozat a hozz\u00e1f\u00e9rhet\u0151s\u00e9gr\u0151l<\/strong><\/h1>\n<p>A Theo Hillers GmbH, mint a weboldal \u00fczemeltet\u0151je, arra t\u00f6rekszik, hogy a weboldalt a hozz\u00e1f\u00e9rhet\u0151s\u00e9gre vonatkoz\u00f3 jogi k\u00f6vetelm\u00e9nyeknek megfelel\u0151en alak\u00edtsa ki. Ennek alapj\u00e1ul az al\u00e1bbi jogi rendelkez\u00e9sek szolg\u00e1lnak: <\/p>\n<p><strong>Jogi rendelkez\u00e9sek<\/strong><br \/>\u00c9szak-Rajna-Vesztf\u00e1lia tartom\u00e1ny t\u00f6rv\u00e9nye a fogyat\u00e9kkal \u00e9l\u0151k es\u00e9lyegyenl\u0151s\u00e9g\u00e9r\u0151l (Behindertengleichstellungsgesetz Nordrhein-Westfalen &#8211; BGG NRW) \u00e9s az akad\u00e1lymentes inform\u00e1ci\u00f3s technol\u00f3gi\u00e1r\u00f3l sz\u00f3l\u00f3 \u00e9szak-rajna-vesztf\u00e1liai rendelet (BITVNRW).<\/p>\n<p><strong>Weboldal<\/strong><br \/>Ez az akad\u00e1lymentes\u00edt\u00e9si nyilatkozat a <a href=\"http:\/\/www.hillers.de\">www.hillers.de weboldalra vonatkozik .<\/a><\/p>\n<p><strong>A weboldal megjelen\u00e9s\u00e9nek d\u00e1tuma<\/strong><br \/>Ez a weboldal 2024 j\u00fanius\u00e1ban jelent meg.<\/p>\n<p><strong>Visszajelz\u00e9s \u00e9s el\u00e9rhet\u0151s\u00e9gek<\/strong><br \/>\u00c9szrevett b\u00e1rmilyen hi\u00e1nyoss\u00e1got a weboldalunk tartalm\u00e1nak hozz\u00e1f\u00e9rhet\u0151s\u00e9g\u00e9ben, vagy van b\u00e1rmilyen megjegyz\u00e9se vagy k\u00e9rd\u00e9se a hozz\u00e1f\u00e9rhet\u0151s\u00e9ggel kapcsolatban?<\/p>\n<p>K\u00e9rj\u00fck, vegye fel vel\u00fcnk a kapcsolatot:<br \/>Theo Hillers GmbH<br \/>Christoph Hillers<br \/>Tel. <a href=\"tel:+49244199040\">02441 9904-0<\/a><br \/>Fax. 02441 9904-160<br \/>E-mail: <a href=\"mailto:kontakt@hillers.de\">kontakt@hillers.de<\/a>. <br \/><a href=\"http:\/\/www.hillers.de\/kontakt\/\">www.hillers.de\/kontakt\/<\/a><\/p>\n<p><strong>Nem hozz\u00e1f\u00e9rhet\u0151 tartalom<\/strong><br \/>Az al\u00e1bbiakban felsorolt tartalom a k\u00f6vetkez\u0151 okok miatt nem hozz\u00e1f\u00e9rhet\u0151:<\/p>\n<ul>\n<li>A h\u00e1tt\u00e9r \u00e9s az el\u0151t\u00e9r sz\u00edneinek kontrasztar\u00e1nya nem megfelel\u0151.<\/li>\n<li>A hivatkoz\u00e1soknak nincs k\u00f6nnyen felismerhet\u0151 nev\u00fck.<\/li>\n<li>A c\u00edmsorelemek nem egym\u00e1s ut\u00e1n cs\u00f6kken\u0151 sorrendben vannak elrendezve<\/li>\n<\/ul>\n<p>Folyamatosan dolgozunk az akad\u00e1lyok azonos\u00edt\u00e1s\u00e1n \u00e9s elh\u00e1r\u00edt\u00e1s\u00e1n, hogy weboldalunk hozz\u00e1f\u00e9rhet\u0151s\u00e9g\u00e9t minden felhaszn\u00e1l\u00f3 sz\u00e1m\u00e1ra jav\u00edtsuk.<\/p>\n<p><strong>Jog\u00e9rv\u00e9nyes\u00edt\u00e9si elj\u00e1r\u00e1s<\/strong><br \/>Ha \u00fagy v\u00e9li, hogy \u00d6nt h\u00e1tr\u00e1ny \u00e9rte honlapunk nem megfelel\u0151 akad\u00e1lymentess\u00e9ge miatt, forduljon az illet\u00e9kes jog\u00e9rv\u00e9nyes\u00edt\u0151 szervhez.<\/p>\n<p><strong>El\u00e9rheti \u0151ket a k\u00f6vetkez\u0151 c\u00edmen:<\/strong><br \/>\u00c9szak-Rajna-Vesztf\u00e1lia tartom\u00e1ny akad\u00e1lymentes informatik\u00e1\u00e9rt felel\u0151s ombudsmani hivatala a fogyat\u00e9kkal \u00e9l\u0151k \u00e1llami biztos\u00e1n\u00e1l<br \/>F\u00fcrstenwall 25<br \/>40219 D\u00fcsseldorf<br \/>E-mail: ombudsstelle-barrierefreie-it@mags.nrw.de.<\/p>\n<p><strong>E hozz\u00e1f\u00e9rhet\u0151s\u00e9gi nyilatkozat l\u00e9trehoz\u00e1sa<\/strong><br \/>Ez a nyilatkozat 2025. j\u00falius 14-\u00e9n k\u00e9sz\u00fclt.<\/p>\n<p><strong>Forr\u00e1s:<\/strong><br \/><a href=\"https:\/\/www.e-recht24.de\/\">www.e-recht24.de<\/a><\/p>\n<\/div><\/div><\/div><\/div><\/div>\n","protected":false},"excerpt":{"rendered":"","protected":false},"author":7,"featured_media":0,"parent":0,"menu_order":0,"comment_status":"closed","ping_status":"closed","template":"100-width.php","meta":{"inline_featured_image":false,"footnotes":""},"class_list":["post-3028","page","type-page","status-publish","hentry"],"yoast_head":"<!-- This site is optimized with the Yoast SEO plugin v24.0 - https:\/\/yoast.com\/wordpress\/plugins\/seo\/ -->\n<title>Nyilatkozat az akad\u00e1lymentes\u00edt\u00e9sr\u0151l - Theo Hillers GmbH<\/title>\n<meta name=\"robots\" content=\"index, follow, max-snippet:-1, max-image-preview:large, max-video-preview:-1\" \/>\n<link rel=\"canonical\" href=\"https:\/\/www.hillers.de\/hu\/nyilatkozat-az-akadalymentesitesrol\/\" \/>\n<meta property=\"og:locale\" content=\"hu_HU\" \/>\n<meta property=\"og:type\" content=\"article\" \/>\n<meta property=\"og:title\" content=\"Nyilatkozat az akad\u00e1lymentes\u00edt\u00e9sr\u0151l - Theo Hillers GmbH\" \/>\n<meta property=\"og:url\" content=\"https:\/\/www.hillers.de\/hu\/nyilatkozat-az-akadalymentesitesrol\/\" \/>\n<meta property=\"og:site_name\" content=\"Theo Hillers GmbH\" \/>\n<meta property=\"article:modified_time\" content=\"2025-08-19T06:59:46+00:00\" \/>\n<meta name=\"twitter:card\" content=\"summary_large_image\" \/>\n<meta name=\"twitter:label1\" content=\"Becs\u00fclt olvas\u00e1si id\u0151\" \/>\n\t<meta name=\"twitter:data1\" content=\"5 perc\" \/>\n<script type=\"application\/ld+json\" class=\"yoast-schema-graph\">{\"@context\":\"https:\/\/schema.org\",\"@graph\":[{\"@type\":\"WebPage\",\"@id\":\"https:\/\/www.hillers.de\/hu\/nyilatkozat-az-akadalymentesitesrol\/\",\"url\":\"https:\/\/www.hillers.de\/hu\/nyilatkozat-az-akadalymentesitesrol\/\",\"name\":\"Nyilatkozat az akad\u00e1lymentes\u00edt\u00e9sr\u0151l - Theo Hillers GmbH\",\"isPartOf\":{\"@id\":\"https:\/\/www.hillers.de\/hu\/#website\"},\"datePublished\":\"2025-07-14T13:32:36+00:00\",\"dateModified\":\"2025-08-19T06:59:46+00:00\",\"breadcrumb\":{\"@id\":\"https:\/\/www.hillers.de\/hu\/nyilatkozat-az-akadalymentesitesrol\/#breadcrumb\"},\"inLanguage\":\"hu\",\"potentialAction\":[{\"@type\":\"ReadAction\",\"target\":[\"https:\/\/www.hillers.de\/hu\/nyilatkozat-az-akadalymentesitesrol\/\"]}]},{\"@type\":\"BreadcrumbList\",\"@id\":\"https:\/\/www.hillers.de\/hu\/nyilatkozat-az-akadalymentesitesrol\/#breadcrumb\",\"itemListElement\":[{\"@type\":\"ListItem\",\"position\":1,\"name\":\"Startseite\",\"item\":\"https:\/\/www.hillers.de\/hu\/\"},{\"@type\":\"ListItem\",\"position\":2,\"name\":\"Nyilatkozat az akad\u00e1lymentes\u00edt\u00e9sr\u0151l\"}]},{\"@type\":\"WebSite\",\"@id\":\"https:\/\/www.hillers.de\/hu\/#website\",\"url\":\"https:\/\/www.hillers.de\/hu\/\",\"name\":\"Theo Hillers GmbH\",\"description\":\"\",\"potentialAction\":[{\"@type\":\"SearchAction\",\"target\":{\"@type\":\"EntryPoint\",\"urlTemplate\":\"https:\/\/www.hillers.de\/hu\/?s={search_term_string}\"},\"query-input\":{\"@type\":\"PropertyValueSpecification\",\"valueRequired\":true,\"valueName\":\"search_term_string\"}}],\"inLanguage\":\"hu\"}]}<\/script>\n<!-- \/ Yoast SEO plugin. -->","yoast_head_json":{"title":"Nyilatkozat az akad\u00e1lymentes\u00edt\u00e9sr\u0151l - Theo Hillers GmbH","robots":{"index":"index","follow":"follow","max-snippet":"max-snippet:-1","max-image-preview":"max-image-preview:large","max-video-preview":"max-video-preview:-1"},"canonical":"https:\/\/www.hillers.de\/hu\/nyilatkozat-az-akadalymentesitesrol\/","og_locale":"hu_HU","og_type":"article","og_title":"Nyilatkozat az akad\u00e1lymentes\u00edt\u00e9sr\u0151l - Theo Hillers GmbH","og_url":"https:\/\/www.hillers.de\/hu\/nyilatkozat-az-akadalymentesitesrol\/","og_site_name":"Theo Hillers GmbH","article_modified_time":"2025-08-19T06:59:46+00:00","twitter_card":"summary_large_image","twitter_misc":{"Becs\u00fclt olvas\u00e1si id\u0151":"5 perc"},"schema":{"@context":"https:\/\/schema.org","@graph":[{"@type":"WebPage","@id":"https:\/\/www.hillers.de\/hu\/nyilatkozat-az-akadalymentesitesrol\/","url":"https:\/\/www.hillers.de\/hu\/nyilatkozat-az-akadalymentesitesrol\/","name":"Nyilatkozat az akad\u00e1lymentes\u00edt\u00e9sr\u0151l - Theo Hillers GmbH","isPartOf":{"@id":"https:\/\/www.hillers.de\/hu\/#website"},"datePublished":"2025-07-14T13:32:36+00:00","dateModified":"2025-08-19T06:59:46+00:00","breadcrumb":{"@id":"https:\/\/www.hillers.de\/hu\/nyilatkozat-az-akadalymentesitesrol\/#breadcrumb"},"inLanguage":"hu","potentialAction":[{"@type":"ReadAction","target":["https:\/\/www.hillers.de\/hu\/nyilatkozat-az-akadalymentesitesrol\/"]}]},{"@type":"BreadcrumbList","@id":"https:\/\/www.hillers.de\/hu\/nyilatkozat-az-akadalymentesitesrol\/#breadcrumb","itemListElement":[{"@type":"ListItem","position":1,"name":"Startseite","item":"https:\/\/www.hillers.de\/hu\/"},{"@type":"ListItem","position":2,"name":"Nyilatkozat az akad\u00e1lymentes\u00edt\u00e9sr\u0151l"}]},{"@type":"WebSite","@id":"https:\/\/www.hillers.de\/hu\/#website","url":"https:\/\/www.hillers.de\/hu\/","name":"Theo Hillers GmbH","description":"","potentialAction":[{"@type":"SearchAction","target":{"@type":"EntryPoint","urlTemplate":"https:\/\/www.hillers.de\/hu\/?s={search_term_string}"},"query-input":{"@type":"PropertyValueSpecification","valueRequired":true,"valueName":"search_term_string"}}],"inLanguage":"hu"}]}},"_links":{"self":[{"href":"https:\/\/www.hillers.de\/hu\/wp-json\/wp\/v2\/pages\/3028","targetHints":{"allow":["GET"]}}],"collection":[{"href":"https:\/\/www.hillers.de\/hu\/wp-json\/wp\/v2\/pages"}],"about":[{"href":"https:\/\/www.hillers.de\/hu\/wp-json\/wp\/v2\/types\/page"}],"author":[{"embeddable":true,"href":"https:\/\/www.hillers.de\/hu\/wp-json\/wp\/v2\/users\/7"}],"replies":[{"embeddable":true,"href":"https:\/\/www.hillers.de\/hu\/wp-json\/wp\/v2\/comments?post=3028"}],"version-history":[{"count":2,"href":"https:\/\/www.hillers.de\/hu\/wp-json\/wp\/v2\/pages\/3028\/revisions"}],"predecessor-version":[{"id":3032,"href":"https:\/\/www.hillers.de\/hu\/wp-json\/wp\/v2\/pages\/3028\/revisions\/3032"}],"wp:attachment":[{"href":"https:\/\/www.hillers.de\/hu\/wp-json\/wp\/v2\/media?parent=3028"}],"curies":[{"name":"wp","href":"https:\/\/api.w.org\/{rel}","templated":true}]}}